{"id":595,"date":"2022-06-19T16:17:59","date_gmt":"2022-06-19T14:17:59","guid":{"rendered":"http:\/\/www.animetcom.fr\/animettap\/?page_id=595"},"modified":"2023-04-12T21:20:20","modified_gmt":"2023-04-12T19:20:20","slug":"evenements-en-entreprise","status":"publish","type":"page","link":"https:\/\/www.animetcom.fr\/animettap\/evenements-en-entreprise\/","title":{"rendered":"\u00c9v\u00e9nements en entreprise"},"content":{"rendered":"<h1 style=\"text-transform: uppercase;\">\u00c9v\u00e9nements en entreprise<\/h1>\n<p style=\"border-left: 5px solid red; padding:5px;\">Anim&#038;Tap \u00e9ducation propose des prestations pour vos collaborateurs dans vos locaux.<\/p>\n<p><img loading=\"lazy\" decoding=\"async\" src=\"https:\/\/www.animetcom.fr\/animettap\/wp-content\/uploads\/2022\/06\/e\u0301ve\u0301nement-en-entreprise-1.png\" alt=\"\" width=\"888\" height=\"158\" class=\"aligncenter size-full wp-image-700\" srcset=\"https:\/\/www.animetcom.fr\/animettap\/wp-content\/uploads\/2022\/06\/e\u0301ve\u0301nement-en-entreprise-1.png 888w, https:\/\/www.animetcom.fr\/animettap\/wp-content\/uploads\/2022\/06\/e\u0301ve\u0301nement-en-entreprise-1-300x53.png 300w, https:\/\/www.animetcom.fr\/animettap\/wp-content\/uploads\/2022\/06\/e\u0301ve\u0301nement-en-entreprise-1-768x137.png 768w\" sizes=\"auto, (max-width: 888px) 100vw, 888px\" \/><\/p>\n<p style=\"border-left: 5px solid #FDD402; padding:5px;\">L&rsquo;association propose diff\u00e9rentes formules afin que vous puissiez b\u00e9n\u00e9ficier d&rsquo;un accompagnement personnalis\u00e9 et \u00e0 la carte pour votre entreprise.<\/p>\n<p><img loading=\"lazy\" decoding=\"async\" src=\"https:\/\/www.animetcom.fr\/animettap\/wp-content\/uploads\/2022\/06\/e\u0301ve\u0301nements-en-entreprise-3.png\" alt=\"\" width=\"853\" height=\"178\" class=\"aligncenter size-full wp-image-698\" srcset=\"https:\/\/www.animetcom.fr\/animettap\/wp-content\/uploads\/2022\/06\/e\u0301ve\u0301nements-en-entreprise-3.png 853w, https:\/\/www.animetcom.fr\/animettap\/wp-content\/uploads\/2022\/06\/e\u0301ve\u0301nements-en-entreprise-3-300x63.png 300w, https:\/\/www.animetcom.fr\/animettap\/wp-content\/uploads\/2022\/06\/e\u0301ve\u0301nements-en-entreprise-3-768x160.png 768w\" sizes=\"auto, (max-width: 853px) 100vw, 853px\" \/><\/p>\n<p style=\"border-left: 5px solid #51AA27; padding:5px;\">Anim&#038;Tap \u00e9ducation vous propose plusieurs options comme :<\/p>\n<p><img loading=\"lazy\" decoding=\"async\" src=\"https:\/\/www.animetcom.fr\/animettap\/wp-content\/uploads\/2022\/06\/Evenement-en-entreprise-2.png\" alt=\"\" width=\"750\" height=\"268\" class=\"aligncenter size-large wp-image-699\" \/><br \/>\n<a href=\"https:\/\/www.animetcom.fr\/animettap\/wp-content\/uploads\/2021\/04\/loisirs-a\u0300-domicile-a\u0300-te\u0301le\u0301charger.pdf\"><\/p>\n<h4 style=\"text-transform: uppercase; text-align:center; color:#51AA27;\">T\u00e9l\u00e9charger notre plaquette <\/h4>\n<p><\/a><\/p>\n","protected":false},"excerpt":{"rendered":"<p>\u00c9v\u00e9nements en entreprise Anim&#038;Tap \u00e9ducation propose des prestations pour vos collaborateurs dans vos locaux. L&rsquo;association propose diff\u00e9rentes formules afin que vous puissiez b\u00e9n\u00e9ficier d&rsquo;un accompagnement personnalis\u00e9 et \u00e0 la carte pour votre entreprise. Anim&#038;Tap \u00e9ducation vous propose plusieurs options comme : T\u00e9l\u00e9charger notre plaquette<\/p>\n","protected":false},"author":1,"featured_media":0,"parent":0,"menu_order":0,"comment_status":"closed","ping_status":"closed","template":"","meta":{"footnotes":""},"class_list":["post-595","page","type-page","status-publish","hentry"],"yoast_head":"<!-- This site is optimized with the Yoast SEO plugin v26.3 - https:\/\/yoast.com\/wordpress\/plugins\/seo\/ -->\n<title>\u00c9v\u00e9nements en entreprise - Anim&amp;Tap \u00e9ducation<\/title>\n<meta name=\"robots\" content=\"index, follow, max-snippet:-1, max-image-preview:large, max-video-preview:-1\" \/>\n<link rel=\"canonical\" href=\"https:\/\/www.animetcom.fr\/animettap\/evenements-en-entreprise\/\" \/>\n<meta property=\"og:locale\" content=\"fr_FR\" \/>\n<meta property=\"og:type\" content=\"article\" \/>\n<meta property=\"og:title\" content=\"\u00c9v\u00e9nements en entreprise - Anim&amp;Tap \u00e9ducation\" \/>\n<meta property=\"og:description\" content=\"\u00c9v\u00e9nements en entreprise Anim&#038;Tap \u00e9ducation propose des prestations pour vos collaborateurs dans vos locaux. L&rsquo;association propose diff\u00e9rentes formules afin que vous puissiez b\u00e9n\u00e9ficier d&rsquo;un accompagnement personnalis\u00e9 et \u00e0 la carte pour votre entreprise. Anim&#038;Tap \u00e9ducation vous propose plusieurs options comme : T\u00e9l\u00e9charger notre plaquette\" \/>\n<meta property=\"og:url\" content=\"https:\/\/www.animetcom.fr\/animettap\/evenements-en-entreprise\/\" \/>\n<meta property=\"og:site_name\" content=\"Anim&amp;Tap \u00e9ducation\" \/>\n<meta property=\"article:modified_time\" content=\"2023-04-12T19:20:20+00:00\" \/>\n<meta property=\"og:image\" content=\"https:\/\/www.animetcom.fr\/animettap\/wp-content\/uploads\/2022\/06\/Evenement-en-entreprise-2.png\" \/>\n<meta name=\"twitter:card\" content=\"summary_large_image\" \/>\n<script type=\"application\/ld+json\" class=\"yoast-schema-graph\">{\"@context\":\"https:\/\/schema.org\",\"@graph\":[{\"@type\":\"WebPage\",\"@id\":\"https:\/\/www.animetcom.fr\/animettap\/evenements-en-entreprise\/\",\"url\":\"https:\/\/www.animetcom.fr\/animettap\/evenements-en-entreprise\/\",\"name\":\"\u00c9v\u00e9nements en entreprise - Anim&amp;Tap \u00e9ducation\",\"isPartOf\":{\"@id\":\"https:\/\/www.animetcom.fr\/animettap\/#website\"},\"primaryImageOfPage\":{\"@id\":\"https:\/\/www.animetcom.fr\/animettap\/evenements-en-entreprise\/#primaryimage\"},\"image\":{\"@id\":\"https:\/\/www.animetcom.fr\/animettap\/evenements-en-entreprise\/#primaryimage\"},\"thumbnailUrl\":\"https:\/\/www.animetcom.fr\/animettap\/wp-content\/uploads\/2022\/06\/Evenement-en-entreprise-2.png\",\"datePublished\":\"2022-06-19T14:17:59+00:00\",\"dateModified\":\"2023-04-12T19:20:20+00:00\",\"breadcrumb\":{\"@id\":\"https:\/\/www.animetcom.fr\/animettap\/evenements-en-entreprise\/#breadcrumb\"},\"inLanguage\":\"fr-FR\",\"potentialAction\":[{\"@type\":\"ReadAction\",\"target\":[\"https:\/\/www.animetcom.fr\/animettap\/evenements-en-entreprise\/\"]}]},{\"@type\":\"ImageObject\",\"inLanguage\":\"fr-FR\",\"@id\":\"https:\/\/www.animetcom.fr\/animettap\/evenements-en-entreprise\/#primaryimage\",\"url\":\"https:\/\/www.animetcom.fr\/animettap\/wp-content\/uploads\/2022\/06\/Evenement-en-entreprise-2.png\",\"contentUrl\":\"https:\/\/www.animetcom.fr\/animettap\/wp-content\/uploads\/2022\/06\/Evenement-en-entreprise-2.png\",\"width\":1046,\"height\":447},{\"@type\":\"BreadcrumbList\",\"@id\":\"https:\/\/www.animetcom.fr\/animettap\/evenements-en-entreprise\/#breadcrumb\",\"itemListElement\":[{\"@type\":\"ListItem\",\"position\":1,\"name\":\"Accueil\",\"item\":\"https:\/\/www.animetcom.fr\/animettap\/\"},{\"@type\":\"ListItem\",\"position\":2,\"name\":\"\u00c9v\u00e9nements en entreprise\"}]},{\"@type\":\"WebSite\",\"@id\":\"https:\/\/www.animetcom.fr\/animettap\/#website\",\"url\":\"https:\/\/www.animetcom.fr\/animettap\/\",\"name\":\"Anim&amp;Tap \u00e9ducation\",\"description\":\"Anim&amp;Tap \u00e9ducation\",\"publisher\":{\"@id\":\"https:\/\/www.animetcom.fr\/animettap\/#organization\"},\"potentialAction\":[{\"@type\":\"SearchAction\",\"target\":{\"@type\":\"EntryPoint\",\"urlTemplate\":\"https:\/\/www.animetcom.fr\/animettap\/?s={search_term_string}\"},\"query-input\":{\"@type\":\"PropertyValueSpecification\",\"valueRequired\":true,\"valueName\":\"search_term_string\"}}],\"inLanguage\":\"fr-FR\"},{\"@type\":\"Organization\",\"@id\":\"https:\/\/www.animetcom.fr\/animettap\/#organization\",\"name\":\"Anim&amp;Tap \u00e9ducation\",\"url\":\"https:\/\/www.animetcom.fr\/animettap\/\",\"logo\":{\"@type\":\"ImageObject\",\"inLanguage\":\"fr-FR\",\"@id\":\"https:\/\/www.animetcom.fr\/animettap\/#\/schema\/logo\/image\/\",\"url\":\"https:\/\/www.animetcom.fr\/animettap\/wp-content\/uploads\/2022\/06\/cropped-Logo-ANIMTAP-Education-CMJN-IMP.png\",\"contentUrl\":\"https:\/\/www.animetcom.fr\/animettap\/wp-content\/uploads\/2022\/06\/cropped-Logo-ANIMTAP-Education-CMJN-IMP.png\",\"width\":2768,\"height\":1341,\"caption\":\"Anim&amp;Tap \u00e9ducation\"},\"image\":{\"@id\":\"https:\/\/www.animetcom.fr\/animettap\/#\/schema\/logo\/image\/\"}}]}<\/script>\n<!-- \/ Yoast SEO plugin. -->","yoast_head_json":{"title":"\u00c9v\u00e9nements en entreprise - Anim&amp;Tap \u00e9ducation","robots":{"index":"index","follow":"follow","max-snippet":"max-snippet:-1","max-image-preview":"max-image-preview:large","max-video-preview":"max-video-preview:-1"},"canonical":"https:\/\/www.animetcom.fr\/animettap\/evenements-en-entreprise\/","og_locale":"fr_FR","og_type":"article","og_title":"\u00c9v\u00e9nements en entreprise - Anim&amp;Tap \u00e9ducation","og_description":"\u00c9v\u00e9nements en entreprise Anim&#038;Tap \u00e9ducation propose des prestations pour vos collaborateurs dans vos locaux. L&rsquo;association propose diff\u00e9rentes formules afin que vous puissiez b\u00e9n\u00e9ficier d&rsquo;un accompagnement personnalis\u00e9 et \u00e0 la carte pour votre entreprise. Anim&#038;Tap \u00e9ducation vous propose plusieurs options comme : T\u00e9l\u00e9charger notre plaquette","og_url":"https:\/\/www.animetcom.fr\/animettap\/evenements-en-entreprise\/","og_site_name":"Anim&amp;Tap \u00e9ducation","article_modified_time":"2023-04-12T19:20:20+00:00","og_image":[{"url":"https:\/\/www.animetcom.fr\/animettap\/wp-content\/uploads\/2022\/06\/Evenement-en-entreprise-2.png","type":"","width":"","height":""}],"twitter_card":"summary_large_image","schema":{"@context":"https:\/\/schema.org","@graph":[{"@type":"WebPage","@id":"https:\/\/www.animetcom.fr\/animettap\/evenements-en-entreprise\/","url":"https:\/\/www.animetcom.fr\/animettap\/evenements-en-entreprise\/","name":"\u00c9v\u00e9nements en entreprise - Anim&amp;Tap \u00e9ducation","isPartOf":{"@id":"https:\/\/www.animetcom.fr\/animettap\/#website"},"primaryImageOfPage":{"@id":"https:\/\/www.animetcom.fr\/animettap\/evenements-en-entreprise\/#primaryimage"},"image":{"@id":"https:\/\/www.animetcom.fr\/animettap\/evenements-en-entreprise\/#primaryimage"},"thumbnailUrl":"https:\/\/www.animetcom.fr\/animettap\/wp-content\/uploads\/2022\/06\/Evenement-en-entreprise-2.png","datePublished":"2022-06-19T14:17:59+00:00","dateModified":"2023-04-12T19:20:20+00:00","breadcrumb":{"@id":"https:\/\/www.animetcom.fr\/animettap\/evenements-en-entreprise\/#breadcrumb"},"inLanguage":"fr-FR","potentialAction":[{"@type":"ReadAction","target":["https:\/\/www.animetcom.fr\/animettap\/evenements-en-entreprise\/"]}]},{"@type":"ImageObject","inLanguage":"fr-FR","@id":"https:\/\/www.animetcom.fr\/animettap\/evenements-en-entreprise\/#primaryimage","url":"https:\/\/www.animetcom.fr\/animettap\/wp-content\/uploads\/2022\/06\/Evenement-en-entreprise-2.png","contentUrl":"https:\/\/www.animetcom.fr\/animettap\/wp-content\/uploads\/2022\/06\/Evenement-en-entreprise-2.png","width":1046,"height":447},{"@type":"BreadcrumbList","@id":"https:\/\/www.animetcom.fr\/animettap\/evenements-en-entreprise\/#breadcrumb","itemListElement":[{"@type":"ListItem","position":1,"name":"Accueil","item":"https:\/\/www.animetcom.fr\/animettap\/"},{"@type":"ListItem","position":2,"name":"\u00c9v\u00e9nements en entreprise"}]},{"@type":"WebSite","@id":"https:\/\/www.animetcom.fr\/animettap\/#website","url":"https:\/\/www.animetcom.fr\/animettap\/","name":"Anim&amp;Tap \u00e9ducation","description":"Anim&amp;Tap \u00e9ducation","publisher":{"@id":"https:\/\/www.animetcom.fr\/animettap\/#organization"},"potentialAction":[{"@type":"SearchAction","target":{"@type":"EntryPoint","urlTemplate":"https:\/\/www.animetcom.fr\/animettap\/?s={search_term_string}"},"query-input":{"@type":"PropertyValueSpecification","valueRequired":true,"valueName":"search_term_string"}}],"inLanguage":"fr-FR"},{"@type":"Organization","@id":"https:\/\/www.animetcom.fr\/animettap\/#organization","name":"Anim&amp;Tap \u00e9ducation","url":"https:\/\/www.animetcom.fr\/animettap\/","logo":{"@type":"ImageObject","inLanguage":"fr-FR","@id":"https:\/\/www.animetcom.fr\/animettap\/#\/schema\/logo\/image\/","url":"https:\/\/www.animetcom.fr\/animettap\/wp-content\/uploads\/2022\/06\/cropped-Logo-ANIMTAP-Education-CMJN-IMP.png","contentUrl":"https:\/\/www.animetcom.fr\/animettap\/wp-content\/uploads\/2022\/06\/cropped-Logo-ANIMTAP-Education-CMJN-IMP.png","width":2768,"height":1341,"caption":"Anim&amp;Tap \u00e9ducation"},"image":{"@id":"https:\/\/www.animetcom.fr\/animettap\/#\/schema\/logo\/image\/"}}]}},"_links":{"self":[{"href":"https:\/\/www.animetcom.fr\/animettap\/wp-json\/wp\/v2\/pages\/595","targetHints":{"allow":["GET"]}}],"collection":[{"href":"https:\/\/www.animetcom.fr\/animettap\/wp-json\/wp\/v2\/pages"}],"about":[{"href":"https:\/\/www.animetcom.fr\/animettap\/wp-json\/wp\/v2\/types\/page"}],"author":[{"embeddable":true,"href":"https:\/\/www.animetcom.fr\/animettap\/wp-json\/wp\/v2\/users\/1"}],"replies":[{"embeddable":true,"href":"https:\/\/www.animetcom.fr\/animettap\/wp-json\/wp\/v2\/comments?post=595"}],"version-history":[{"count":10,"href":"https:\/\/www.animetcom.fr\/animettap\/wp-json\/wp\/v2\/pages\/595\/revisions"}],"predecessor-version":[{"id":1241,"href":"https:\/\/www.animetcom.fr\/animettap\/wp-json\/wp\/v2\/pages\/595\/revisions\/1241"}],"wp:attachment":[{"href":"https:\/\/www.animetcom.fr\/animettap\/wp-json\/wp\/v2\/media?parent=595"}],"curies":[{"name":"wp","href":"https:\/\/api.w.org\/{rel}","templated":true}]}}