{"id":392,"date":"2021-04-02T19:34:42","date_gmt":"2021-04-02T17:34:42","guid":{"rendered":"http:\/\/www.animetcom.fr\/animettap\/?page_id=392"},"modified":"2024-06-27T16:49:29","modified_gmt":"2024-06-27T14:49:29","slug":"formation-vlrl","status":"publish","type":"page","link":"https:\/\/www.animetcom.fr\/animettap\/formation-vlrl\/","title":{"rendered":"Formation"},"content":{"rendered":"<section class=\"dossiers\">\n<div style=\"flex: 1 20%;\">\n<p style=\"text-align: center;\"><span style=\"color: #40e0d0; font-size: 18px; font-family: Arial;\">92<\/span>%<span style=\"color: #40e0d0;\">*<\/span><\/p>\n<p style=\"line-height: 16px; text-align: center; font-weight: 400; font-size: 12px; font-family: Arial;\">De r\u00e9ussite aux formations<\/p>\n<\/div>\n<div style=\"flex: 1 20%;\">\n<p style=\"text-align: center;\"><span style=\"color: #ff007d; font-size: 18px; font-family: Arial;\">8<\/span><\/p>\n<p style=\"line-height: 16px; text-align: center; font-weight: 400; font-size: 12px; font-family: Arial;\">Ann\u00e9es d&rsquo;exp\u00e9rience<\/p>\n<\/div>\n<div style=\"flex: 1 20%;\">\n<p style=\"text-align: center;\"><span style=\"color: #005ba7; font-size: 18px; font-family: Arial;\">3<\/span><\/p>\n<p style=\"line-height: 16px; text-align: center; font-weight: 400; font-size: 12px; font-family: Arial;\">Formateur.rice.s habilit\u00e9.e.s par l&rsquo;ANCT<\/p>\n<\/div>\n<div style=\"flex: 1 20%;\">\n<p style=\"text-align: center;\"><span style=\"color: #c34494; font-size: 18px; font-family: Arial;\">61<\/span><\/p>\n<p style=\"line-height: 16px; text-align: center; font-weight: 400; font-size: 12px; font-family: Arial;\">Stagiaires<\/p>\n<\/div>\n<div style=\"flex: 1 20%;\">\n<p style=\"text-align: center;\"><span style=\"color: #009ac2; font-size: 18px; font-family: Arial;\">854<\/span><\/p>\n<p style=\"line-height: 16px; text-align: center; font-weight: 400; font-size: 12px; font-family: Arial;\">Heures de formation<br \/>\nen 2023 (depuis nos d\u00e9but)<\/p>\n<\/div>\n<div style=\"flex: 1 20%;\">\n<p style=\"text-align: center;\"><span style=\"color: #40e0d0; font-size: 18px; font-family: Arial;\">100<\/span>%<span style=\"color: #40e0d0;\">*<\/span><\/p>\n<p style=\"line-height: 16px; text-align: center; font-weight: 400; font-size: 12px; font-family: Arial;\">De validation de formation VRL<\/p>\n<\/div>\n<\/section>\n<p style=\"font-size: 10px; text-align: justify;\"><span style=\"color: #40e0d0;\">*<\/span>Le taux de r\u00e9ussite d\u00e9pend de la pr\u00e9sence des stagiaires \u00e0 l&rsquo;int\u00e9gralit\u00e9 de la formation<\/p>\n<h1 style=\"text-transform: uppercase; text-align: center;\">Formation VRL<\/h1>\n<p style=\"border-left: 5px solid red; padding: 5px;\">Anim&amp;Tap \u00e9ducation dispense des formations aux Valeurs de la R\u00e9publique et La\u00efcit\u00e9 gratuitement gr\u00e2ce \u00e0 une subvention de la ville de Paris, pour tous types de structures et personnes d\u2019une dur\u00e9e de 14 heures, soit 2 jours.<\/p>\n<p><img loading=\"lazy\" decoding=\"async\" src=\"https:\/\/www.animetcom.fr\/animettap\/wp-content\/uploads\/2021\/05\/photo5866153559823858535.jpg\" alt=\"\" width=\"270\" height=\"250\" class=\"aligncenter size-full wp-image-421\" \/><\/p>\n<p style=\"border-left: 5px solid #FDD402; padding: 5px;\">La formation valeur de la R\u00e9publique et La\u00efcit\u00e9 a pour objectifs :<\/p>\n<p><img loading=\"lazy\" decoding=\"async\" src=\"https:\/\/www.animetcom.fr\/animettap\/wp-content\/uploads\/2021\/04\/Formation-2.png\" alt=\"\" width=\"838\" height=\"237\" class=\"aligncenter size-full wp-image-704\" srcset=\"https:\/\/www.animetcom.fr\/animettap\/wp-content\/uploads\/2021\/04\/Formation-2.png 838w, https:\/\/www.animetcom.fr\/animettap\/wp-content\/uploads\/2021\/04\/Formation-2-300x85.png 300w, https:\/\/www.animetcom.fr\/animettap\/wp-content\/uploads\/2021\/04\/Formation-2-768x217.png 768w\" sizes=\"auto, (max-width: 838px) 100vw, 838px\" \/><\/p>\n<p style=\"border-left: 5px solid #51AA27; padding: 5px;\">Retrouvez le catalogue de la formation<\/p>\n<section class=\"dossiers\">\n<div style=\"flex: 1 50%;\">\n<p style=\"text-align: center; text-transform: uppercase;\"><strong>Formation Valeurs de<br \/>\nla R\u00e9publique et La\u00efcit\u00e9<\/strong><\/p>\n<p><a href=\"https:\/\/www.animetcom.fr\/animettap\/wp-content\/uploads\/2024\/06\/Plaquette-VRL-site-AT.pdf\"><img decoding=\"async\" class=\"image-cat\" style=\"border: 3px solid #c9d2ec; width: 200px; display: block; margin: 0 auto;\" src=\"https:\/\/www.animetcom.fr\/animettap\/wp-content\/uploads\/2024\/06\/Plaquette-VRL-site-AT_page-0001.jpg\" title=\"Formation Valeurs de la R\u00e9publique et La\u00efcit\u00e9\" \/><\/a><\/p>\n<p style=\"text-align: center; color: red;\"><a href=\"https:\/\/www.animetcom.fr\/animettap\/wp-content\/uploads\/2024\/06\/Plaquette-VRL-site-AT.pdf\"><strong>T\u00e9l\u00e9chargez la plaquette juste ICI !<\/strong><\/a><\/p>\n<p><a href=\"https:\/\/www.animetcom.fr\/animettap\/wp-content\/uploads\/2023\/08\/VRL-1.pdf\"><\/a><a href=\"https:\/\/www.animetcom.fr\/animettap\/wp-content\/uploads\/2023\/08\/VRL-1.pdf\"><\/a><\/p>\n<p style=\"text-align: center;\"><a href=\"https:\/\/www.animetcom.fr\/animettap\/formulaire-valeurs-de-republique-laicite\/\" title=\"Cliquez ici\" target=\"_self\" rel=\"noopener\"><strong>Inscrivez-vous juste ICI !<\/strong><\/a><\/p>\n<\/div>\n<\/section>\n","protected":false},"excerpt":{"rendered":"<p>92%* De r\u00e9ussite aux formations 8 Ann\u00e9es d&rsquo;exp\u00e9rience 3 Formateur.rice.s habilit\u00e9.e.s par l&rsquo;ANCT 61 Stagiaires 854 Heures de formation en 2023 (depuis nos d\u00e9but) 100%* De validation de formation VRL *Le taux de r\u00e9ussite d\u00e9pend de la pr\u00e9sence des stagiaires \u00e0 l&rsquo;int\u00e9gralit\u00e9 de la formation Formation VRL Anim&amp;Tap \u00e9ducation dispense [&hellip;]<\/p>\n","protected":false},"author":1,"featured_media":0,"parent":0,"menu_order":0,"comment_status":"closed","ping_status":"closed","template":"","meta":{"footnotes":""},"class_list":["post-392","page","type-page","status-publish","hentry"],"yoast_head":"<!-- This site is optimized with the Yoast SEO plugin v26.3 - https:\/\/yoast.com\/wordpress\/plugins\/seo\/ -->\n<title>Formation - Anim&amp;Tap \u00e9ducation<\/title>\n<meta name=\"robots\" content=\"index, follow, max-snippet:-1, max-image-preview:large, max-video-preview:-1\" \/>\n<link rel=\"canonical\" href=\"https:\/\/www.animetcom.fr\/animettap\/formation-vlrl\/\" \/>\n<meta property=\"og:locale\" content=\"fr_FR\" \/>\n<meta property=\"og:type\" content=\"article\" \/>\n<meta property=\"og:title\" content=\"Formation - Anim&amp;Tap \u00e9ducation\" \/>\n<meta property=\"og:description\" content=\"92%* De r\u00e9ussite aux formations 8 Ann\u00e9es d&rsquo;exp\u00e9rience 3 Formateur.rice.s habilit\u00e9.e.s par l&rsquo;ANCT 61 Stagiaires 854 Heures de formation en 2023 (depuis nos d\u00e9but) 100%* De validation de formation VRL *Le taux de r\u00e9ussite d\u00e9pend de la pr\u00e9sence des stagiaires \u00e0 l&rsquo;int\u00e9gralit\u00e9 de la formation Formation VRL Anim&amp;Tap \u00e9ducation dispense [&hellip;]\" \/>\n<meta property=\"og:url\" content=\"https:\/\/www.animetcom.fr\/animettap\/formation-vlrl\/\" \/>\n<meta property=\"og:site_name\" content=\"Anim&amp;Tap \u00e9ducation\" \/>\n<meta property=\"article:modified_time\" content=\"2024-06-27T14:49:29+00:00\" \/>\n<meta property=\"og:image\" content=\"https:\/\/www.animetcom.fr\/animettap\/wp-content\/uploads\/2021\/05\/photo5866153559823858535.jpg\" \/>\n<meta name=\"twitter:card\" content=\"summary_large_image\" \/>\n<meta name=\"twitter:label1\" content=\"Dur\u00e9e de lecture estim\u00e9e\" \/>\n\t<meta name=\"twitter:data1\" content=\"2 minutes\" \/>\n<script type=\"application\/ld+json\" class=\"yoast-schema-graph\">{\"@context\":\"https:\/\/schema.org\",\"@graph\":[{\"@type\":\"WebPage\",\"@id\":\"https:\/\/www.animetcom.fr\/animettap\/formation-vlrl\/\",\"url\":\"https:\/\/www.animetcom.fr\/animettap\/formation-vlrl\/\",\"name\":\"Formation - Anim&amp;Tap \u00e9ducation\",\"isPartOf\":{\"@id\":\"https:\/\/www.animetcom.fr\/animettap\/#website\"},\"primaryImageOfPage\":{\"@id\":\"https:\/\/www.animetcom.fr\/animettap\/formation-vlrl\/#primaryimage\"},\"image\":{\"@id\":\"https:\/\/www.animetcom.fr\/animettap\/formation-vlrl\/#primaryimage\"},\"thumbnailUrl\":\"https:\/\/www.animetcom.fr\/animettap\/wp-content\/uploads\/2021\/05\/photo5866153559823858535.jpg\",\"datePublished\":\"2021-04-02T17:34:42+00:00\",\"dateModified\":\"2024-06-27T14:49:29+00:00\",\"breadcrumb\":{\"@id\":\"https:\/\/www.animetcom.fr\/animettap\/formation-vlrl\/#breadcrumb\"},\"inLanguage\":\"fr-FR\",\"potentialAction\":[{\"@type\":\"ReadAction\",\"target\":[\"https:\/\/www.animetcom.fr\/animettap\/formation-vlrl\/\"]}]},{\"@type\":\"ImageObject\",\"inLanguage\":\"fr-FR\",\"@id\":\"https:\/\/www.animetcom.fr\/animettap\/formation-vlrl\/#primaryimage\",\"url\":\"https:\/\/www.animetcom.fr\/animettap\/wp-content\/uploads\/2021\/05\/photo5866153559823858535.jpg\",\"contentUrl\":\"https:\/\/www.animetcom.fr\/animettap\/wp-content\/uploads\/2021\/05\/photo5866153559823858535.jpg\",\"width\":270,\"height\":250},{\"@type\":\"BreadcrumbList\",\"@id\":\"https:\/\/www.animetcom.fr\/animettap\/formation-vlrl\/#breadcrumb\",\"itemListElement\":[{\"@type\":\"ListItem\",\"position\":1,\"name\":\"Accueil\",\"item\":\"https:\/\/www.animetcom.fr\/animettap\/\"},{\"@type\":\"ListItem\",\"position\":2,\"name\":\"Formation\"}]},{\"@type\":\"WebSite\",\"@id\":\"https:\/\/www.animetcom.fr\/animettap\/#website\",\"url\":\"https:\/\/www.animetcom.fr\/animettap\/\",\"name\":\"Anim&amp;Tap \u00e9ducation\",\"description\":\"Anim&amp;Tap \u00e9ducation\",\"publisher\":{\"@id\":\"https:\/\/www.animetcom.fr\/animettap\/#organization\"},\"potentialAction\":[{\"@type\":\"SearchAction\",\"target\":{\"@type\":\"EntryPoint\",\"urlTemplate\":\"https:\/\/www.animetcom.fr\/animettap\/?s={search_term_string}\"},\"query-input\":{\"@type\":\"PropertyValueSpecification\",\"valueRequired\":true,\"valueName\":\"search_term_string\"}}],\"inLanguage\":\"fr-FR\"},{\"@type\":\"Organization\",\"@id\":\"https:\/\/www.animetcom.fr\/animettap\/#organization\",\"name\":\"Anim&amp;Tap \u00e9ducation\",\"url\":\"https:\/\/www.animetcom.fr\/animettap\/\",\"logo\":{\"@type\":\"ImageObject\",\"inLanguage\":\"fr-FR\",\"@id\":\"https:\/\/www.animetcom.fr\/animettap\/#\/schema\/logo\/image\/\",\"url\":\"https:\/\/www.animetcom.fr\/animettap\/wp-content\/uploads\/2022\/06\/cropped-Logo-ANIMTAP-Education-CMJN-IMP.png\",\"contentUrl\":\"https:\/\/www.animetcom.fr\/animettap\/wp-content\/uploads\/2022\/06\/cropped-Logo-ANIMTAP-Education-CMJN-IMP.png\",\"width\":2768,\"height\":1341,\"caption\":\"Anim&amp;Tap \u00e9ducation\"},\"image\":{\"@id\":\"https:\/\/www.animetcom.fr\/animettap\/#\/schema\/logo\/image\/\"}}]}<\/script>\n<!-- \/ Yoast SEO plugin. -->","yoast_head_json":{"title":"Formation - Anim&amp;Tap \u00e9ducation","robots":{"index":"index","follow":"follow","max-snippet":"max-snippet:-1","max-image-preview":"max-image-preview:large","max-video-preview":"max-video-preview:-1"},"canonical":"https:\/\/www.animetcom.fr\/animettap\/formation-vlrl\/","og_locale":"fr_FR","og_type":"article","og_title":"Formation - Anim&amp;Tap \u00e9ducation","og_description":"92%* De r\u00e9ussite aux formations 8 Ann\u00e9es d&rsquo;exp\u00e9rience 3 Formateur.rice.s habilit\u00e9.e.s par l&rsquo;ANCT 61 Stagiaires 854 Heures de formation en 2023 (depuis nos d\u00e9but) 100%* De validation de formation VRL *Le taux de r\u00e9ussite d\u00e9pend de la pr\u00e9sence des stagiaires \u00e0 l&rsquo;int\u00e9gralit\u00e9 de la formation Formation VRL Anim&amp;Tap \u00e9ducation dispense [&hellip;]","og_url":"https:\/\/www.animetcom.fr\/animettap\/formation-vlrl\/","og_site_name":"Anim&amp;Tap \u00e9ducation","article_modified_time":"2024-06-27T14:49:29+00:00","og_image":[{"url":"https:\/\/www.animetcom.fr\/animettap\/wp-content\/uploads\/2021\/05\/photo5866153559823858535.jpg","type":"","width":"","height":""}],"twitter_card":"summary_large_image","twitter_misc":{"Dur\u00e9e de lecture estim\u00e9e":"2 minutes"},"schema":{"@context":"https:\/\/schema.org","@graph":[{"@type":"WebPage","@id":"https:\/\/www.animetcom.fr\/animettap\/formation-vlrl\/","url":"https:\/\/www.animetcom.fr\/animettap\/formation-vlrl\/","name":"Formation - Anim&amp;Tap \u00e9ducation","isPartOf":{"@id":"https:\/\/www.animetcom.fr\/animettap\/#website"},"primaryImageOfPage":{"@id":"https:\/\/www.animetcom.fr\/animettap\/formation-vlrl\/#primaryimage"},"image":{"@id":"https:\/\/www.animetcom.fr\/animettap\/formation-vlrl\/#primaryimage"},"thumbnailUrl":"https:\/\/www.animetcom.fr\/animettap\/wp-content\/uploads\/2021\/05\/photo5866153559823858535.jpg","datePublished":"2021-04-02T17:34:42+00:00","dateModified":"2024-06-27T14:49:29+00:00","breadcrumb":{"@id":"https:\/\/www.animetcom.fr\/animettap\/formation-vlrl\/#breadcrumb"},"inLanguage":"fr-FR","potentialAction":[{"@type":"ReadAction","target":["https:\/\/www.animetcom.fr\/animettap\/formation-vlrl\/"]}]},{"@type":"ImageObject","inLanguage":"fr-FR","@id":"https:\/\/www.animetcom.fr\/animettap\/formation-vlrl\/#primaryimage","url":"https:\/\/www.animetcom.fr\/animettap\/wp-content\/uploads\/2021\/05\/photo5866153559823858535.jpg","contentUrl":"https:\/\/www.animetcom.fr\/animettap\/wp-content\/uploads\/2021\/05\/photo5866153559823858535.jpg","width":270,"height":250},{"@type":"BreadcrumbList","@id":"https:\/\/www.animetcom.fr\/animettap\/formation-vlrl\/#breadcrumb","itemListElement":[{"@type":"ListItem","position":1,"name":"Accueil","item":"https:\/\/www.animetcom.fr\/animettap\/"},{"@type":"ListItem","position":2,"name":"Formation"}]},{"@type":"WebSite","@id":"https:\/\/www.animetcom.fr\/animettap\/#website","url":"https:\/\/www.animetcom.fr\/animettap\/","name":"Anim&amp;Tap \u00e9ducation","description":"Anim&amp;Tap \u00e9ducation","publisher":{"@id":"https:\/\/www.animetcom.fr\/animettap\/#organization"},"potentialAction":[{"@type":"SearchAction","target":{"@type":"EntryPoint","urlTemplate":"https:\/\/www.animetcom.fr\/animettap\/?s={search_term_string}"},"query-input":{"@type":"PropertyValueSpecification","valueRequired":true,"valueName":"search_term_string"}}],"inLanguage":"fr-FR"},{"@type":"Organization","@id":"https:\/\/www.animetcom.fr\/animettap\/#organization","name":"Anim&amp;Tap \u00e9ducation","url":"https:\/\/www.animetcom.fr\/animettap\/","logo":{"@type":"ImageObject","inLanguage":"fr-FR","@id":"https:\/\/www.animetcom.fr\/animettap\/#\/schema\/logo\/image\/","url":"https:\/\/www.animetcom.fr\/animettap\/wp-content\/uploads\/2022\/06\/cropped-Logo-ANIMTAP-Education-CMJN-IMP.png","contentUrl":"https:\/\/www.animetcom.fr\/animettap\/wp-content\/uploads\/2022\/06\/cropped-Logo-ANIMTAP-Education-CMJN-IMP.png","width":2768,"height":1341,"caption":"Anim&amp;Tap \u00e9ducation"},"image":{"@id":"https:\/\/www.animetcom.fr\/animettap\/#\/schema\/logo\/image\/"}}]}},"_links":{"self":[{"href":"https:\/\/www.animetcom.fr\/animettap\/wp-json\/wp\/v2\/pages\/392","targetHints":{"allow":["GET"]}}],"collection":[{"href":"https:\/\/www.animetcom.fr\/animettap\/wp-json\/wp\/v2\/pages"}],"about":[{"href":"https:\/\/www.animetcom.fr\/animettap\/wp-json\/wp\/v2\/types\/page"}],"author":[{"embeddable":true,"href":"https:\/\/www.animetcom.fr\/animettap\/wp-json\/wp\/v2\/users\/1"}],"replies":[{"embeddable":true,"href":"https:\/\/www.animetcom.fr\/animettap\/wp-json\/wp\/v2\/comments?post=392"}],"version-history":[{"count":42,"href":"https:\/\/www.animetcom.fr\/animettap\/wp-json\/wp\/v2\/pages\/392\/revisions"}],"predecessor-version":[{"id":1470,"href":"https:\/\/www.animetcom.fr\/animettap\/wp-json\/wp\/v2\/pages\/392\/revisions\/1470"}],"wp:attachment":[{"href":"https:\/\/www.animetcom.fr\/animettap\/wp-json\/wp\/v2\/media?parent=392"}],"curies":[{"name":"wp","href":"https:\/\/api.w.org\/{rel}","templated":true}]}}